{"id":84,"date":"2014-12-22T07:57:49","date_gmt":"2014-12-22T07:57:49","guid":{"rendered":"http:\/\/www.armonymobilya.com\/?page_id=84"},"modified":"2019-07-25T08:19:13","modified_gmt":"2019-07-25T08:19:13","slug":"iletisim","status":"publish","type":"page","link":"https:\/\/www.armonymobilya.com\/?page_id=84","title":{"rendered":"\u0130leti\u015fim"},"content":{"rendered":"<h3>ARMONY MOB\u0130LYA<\/h3>\n<p>Mustafa Kemal Mh. 3057 Sk no:30, Ata\u015fehir, \u0130stanbul<\/p>\n<p>Tel:0216 330 08 78<\/p>\n<p>Faks:0216 418 26 72<\/p>\n<p>info@armonymobilya.com<br \/>\n<iframe loading=\"lazy\" style=\"border: 0;\" src=\"https:\/\/www.google.com\/maps\/embed?pb=!1m14!1m12!1m3!1d3011.3843649916907!2d29.087866415756494!3d40.99495967930209!2m3!1f0!2f0!3f0!3m2!1i1024!2i768!4f13.1!5e0!3m2!1str!2str!4v1449074286669\" width=\"652\" height=\"652\" frameborder=\"0\" allowfullscreen=\"allowfullscreen\"><\/iframe><\/p>\n","protected":false},"excerpt":{"rendered":"<p>ARMONY MOB\u0130LYA Mustafa Kemal Mh. 3057 Sk no:30, Ata\u015fehir, \u0130stanbul Tel:0216 330 08 78 Faks:0216 418 26 72 info@armonymobilya.com<\/p>\n","protected":false},"author":1,"featured_media":0,"parent":0,"menu_order":6,"comment_status":"closed","ping_status":"closed","template":"","meta":{"footnotes":""},"class_list":["post-84","page","type-page","status-publish","hentry"],"_links":{"self":[{"href":"https:\/\/www.armonymobilya.com\/index.php?rest_route=\/wp\/v2\/pages\/84"}],"collection":[{"href":"https:\/\/www.armonymobilya.com\/index.php?rest_route=\/wp\/v2\/pages"}],"about":[{"href":"https:\/\/www.armonymobilya.com\/index.php?rest_route=\/wp\/v2\/types\/page"}],"author":[{"embeddable":true,"href":"https:\/\/www.armonymobilya.com\/index.php?rest_route=\/wp\/v2\/users\/1"}],"replies":[{"embeddable":true,"href":"https:\/\/www.armonymobilya.com\/index.php?rest_route=%2Fwp%2Fv2%2Fcomments&post=84"}],"version-history":[{"count":21,"href":"https:\/\/www.armonymobilya.com\/index.php?rest_route=\/wp\/v2\/pages\/84\/revisions"}],"predecessor-version":[{"id":1928,"href":"https:\/\/www.armonymobilya.com\/index.php?rest_route=\/wp\/v2\/pages\/84\/revisions\/1928"}],"wp:attachment":[{"href":"https:\/\/www.armonymobilya.com\/index.php?rest_route=%2Fwp%2Fv2%2Fmedia&parent=84"}],"curies":[{"name":"wp","href":"https:\/\/api.w.org\/{rel}","templated":true}]}}