{"id":81,"date":"2014-12-22T07:56:29","date_gmt":"2014-12-22T07:56:29","guid":{"rendered":"http:\/\/www.armonymobilya.com\/?page_id=81"},"modified":"2015-03-19T09:21:10","modified_gmt":"2015-03-19T09:21:10","slug":"hakkimizda","status":"publish","type":"page","link":"https:\/\/www.armonymobilya.com\/?page_id=81","title":{"rendered":"Hakk\u0131m\u0131zda"},"content":{"rendered":"<p style=\"text-align: left;\"><em>Birbirinden farkl\u0131 renk ve malzeme se\u00e7enekleri, \u00f6zel tasar\u0131m \u00fcr\u00fcnler, evinize uygun mobilyalarla sizlere keyifli ya\u015fam alanlar\u0131 yarat\u0131yoruz.<br \/>\nMimarl\u0131k ofisleriyle yapt\u0131\u011f\u0131m\u0131z ortak \u00e7al\u0131\u015fmalar sonucunda ma\u011faza, ofis, otel, hastane gibi geni\u015f kapsaml\u0131 mekanlar\u0131n proje ve uygulama \u00e7al\u0131\u015fmalar\u0131na da yer vermekteyiz.Bize verdi\u011finiz \u00f6n \u00e7al\u0131\u015fmalar \u00fczerine size detay \u00e7izimlerini sunuyoruz. Onay\u0131n\u0131z\u0131 ald\u0131ktan sonra da \u00fcretime ba\u015fl\u0131yoruz ve \u00fcr\u00fcnlerinizi \u00e7ok k\u0131sa s\u00fcrede sizlere teslim ediyoruz.<br \/>\nBug\u00fcne kadar birlikte ba\u015far\u0131l\u0131 i\u015flere imza att\u0131k. Olduk\u00e7a b\u00fcy\u00fck \u015firketlerin renovasyon \u00e7al\u0131\u015fmalar\u0131n\u0131 yapt\u0131k ve yapmaya da devam ediyoruz. En \u00f6nemlisi ak\u0131llardaki &#8221;Acaba?&#8221;, &#8221;Yap\u0131labilir mi?&#8221;, sorular\u0131n\u0131 kald\u0131rd\u0131k. Yapt\u0131\u011f\u0131m\u0131z i\u015flerle her \u015feyin bir \u00e7\u00f6z\u00fcm\u00fc oldu\u011funu, her \u00fcr\u00fcn\u00fcn uygulan\u0131labilirli\u011fini g\u00f6sterdik. Ba\u015far\u0131m\u0131z, deneyim ve bilgi birikimimizin sonucudur.<br \/>\n<\/em><\/p>\n","protected":false},"excerpt":{"rendered":"<p>Birbirinden farkl\u0131 renk ve malzeme se\u00e7enekleri, \u00f6zel tasar\u0131m \u00fcr\u00fcnler, evinize uygun mobilyalarla sizlere keyifli ya\u015fam alanlar\u0131 yarat\u0131yoruz. Mimarl\u0131k ofisleriyle yapt\u0131\u011f\u0131m\u0131z ortak \u00e7al\u0131\u015fmalar sonucunda ma\u011faza, ofis, otel, hastane gibi geni\u015f kapsaml\u0131 mekanlar\u0131n proje ve uygulama \u00e7al\u0131\u015fmalar\u0131na da yer vermekteyiz.Bize verdi\u011finiz \u00f6n \u00e7al\u0131\u015fmalar \u00fczerine size detay \u00e7izimlerini sunuyoruz. Onay\u0131n\u0131z\u0131 ald\u0131ktan sonra da \u00fcretime ba\u015fl\u0131yoruz ve \u00fcr\u00fcnlerinizi \u00e7ok<br \/>\n\t<a href=\"https:\/\/www.armonymobilya.com\/?page_id=81\" class=\"go_more\"><span><i><\/i>read more<\/span><\/a><\/p>\n","protected":false},"author":1,"featured_media":0,"parent":0,"menu_order":3,"comment_status":"closed","ping_status":"closed","template":"","meta":{"footnotes":""},"class_list":["post-81","page","type-page","status-publish","hentry"],"_links":{"self":[{"href":"https:\/\/www.armonymobilya.com\/index.php?rest_route=\/wp\/v2\/pages\/81"}],"collection":[{"href":"https:\/\/www.armonymobilya.com\/index.php?rest_route=\/wp\/v2\/pages"}],"about":[{"href":"https:\/\/www.armonymobilya.com\/index.php?rest_route=\/wp\/v2\/types\/page"}],"author":[{"embeddable":true,"href":"https:\/\/www.armonymobilya.com\/index.php?rest_route=\/wp\/v2\/users\/1"}],"replies":[{"embeddable":true,"href":"https:\/\/www.armonymobilya.com\/index.php?rest_route=%2Fwp%2Fv2%2Fcomments&post=81"}],"version-history":[{"count":5,"href":"https:\/\/www.armonymobilya.com\/index.php?rest_route=\/wp\/v2\/pages\/81\/revisions"}],"predecessor-version":[{"id":474,"href":"https:\/\/www.armonymobilya.com\/index.php?rest_route=\/wp\/v2\/pages\/81\/revisions\/474"}],"wp:attachment":[{"href":"https:\/\/www.armonymobilya.com\/index.php?rest_route=%2Fwp%2Fv2%2Fmedia&parent=81"}],"curies":[{"name":"wp","href":"https:\/\/api.w.org\/{rel}","templated":true}]}}