{"id":479,"date":"2015-03-19T09:17:25","date_gmt":"2015-03-19T09:17:25","guid":{"rendered":"http:\/\/www.armonymobilya.com\/?page_id=479"},"modified":"2015-03-19T09:19:49","modified_gmt":"2015-03-19T09:19:49","slug":"vizyonumuz","status":"publish","type":"page","link":"https:\/\/www.armonymobilya.com\/?page_id=479","title":{"rendered":"Vizyonumuz"},"content":{"rendered":"<p><em>Ba\u015fard\u0131\u011f\u0131m\u0131z i\u015flerle alan\u0131nda en iyisi olmak. Geni\u015f kitlelere ula\u015farak sahip oldu\u011fumuz potansiyeli en iyi \u015fekilde duyurmak. Sayg\u0131nl\u0131\u011f\u0131m\u0131z\u0131 yitirmeden \u00e7izdi\u011fimiz yolda devam etmek.<\/em><\/p>\n","protected":false},"excerpt":{"rendered":"<p>Ba\u015fard\u0131\u011f\u0131m\u0131z i\u015flerle alan\u0131nda en iyisi olmak. Geni\u015f kitlelere ula\u015farak sahip oldu\u011fumuz potansiyeli en iyi \u015fekilde duyurmak. Sayg\u0131nl\u0131\u011f\u0131m\u0131z\u0131 yitirmeden \u00e7izdi\u011fimiz yolda devam etmek.<\/p>\n","protected":false},"author":1,"featured_media":0,"parent":81,"menu_order":3,"comment_status":"closed","ping_status":"closed","template":"","meta":{"footnotes":""},"class_list":["post-479","page","type-page","status-publish","hentry"],"_links":{"self":[{"href":"https:\/\/www.armonymobilya.com\/index.php?rest_route=\/wp\/v2\/pages\/479"}],"collection":[{"href":"https:\/\/www.armonymobilya.com\/index.php?rest_route=\/wp\/v2\/pages"}],"about":[{"href":"https:\/\/www.armonymobilya.com\/index.php?rest_route=\/wp\/v2\/types\/page"}],"author":[{"embeddable":true,"href":"https:\/\/www.armonymobilya.com\/index.php?rest_route=\/wp\/v2\/users\/1"}],"replies":[{"embeddable":true,"href":"https:\/\/www.armonymobilya.com\/index.php?rest_route=%2Fwp%2Fv2%2Fcomments&post=479"}],"version-history":[{"count":1,"href":"https:\/\/www.armonymobilya.com\/index.php?rest_route=\/wp\/v2\/pages\/479\/revisions"}],"predecessor-version":[{"id":480,"href":"https:\/\/www.armonymobilya.com\/index.php?rest_route=\/wp\/v2\/pages\/479\/revisions\/480"}],"up":[{"embeddable":true,"href":"https:\/\/www.armonymobilya.com\/index.php?rest_route=\/wp\/v2\/pages\/81"}],"wp:attachment":[{"href":"https:\/\/www.armonymobilya.com\/index.php?rest_route=%2Fwp%2Fv2%2Fmedia&parent=479"}],"curies":[{"name":"wp","href":"https:\/\/api.w.org\/{rel}","templated":true}]}}