{"id":477,"date":"2015-03-19T09:17:02","date_gmt":"2015-03-19T09:17:02","guid":{"rendered":"http:\/\/www.armonymobilya.com\/?page_id=477"},"modified":"2015-03-19T09:19:09","modified_gmt":"2015-03-19T09:19:09","slug":"degerlerimiz","status":"publish","type":"page","link":"https:\/\/www.armonymobilya.com\/?page_id=477","title":{"rendered":"De\u011ferlerimiz"},"content":{"rendered":"<p><em>Sorumluluk sahibi bir firma olarak m\u00fc\u015fteri memnuniyetine verdi\u011fimiz \u00f6nemle birlikte uzun y\u0131llara dayanan geni\u015f bir m\u00fc\u015fteri portf\u00f6y\u00fcne sahibiz. Bu stat\u00fcye sahip olabilmek i\u00e7in d\u00fcr\u00fcstl\u00fck, samimiyet, disiplin, i\u015f ahlak\u0131 gibi de\u011ferleri \u00f6n planda tutuyoruz.<\/em><\/p>\n","protected":false},"excerpt":{"rendered":"<p>Sorumluluk sahibi bir firma olarak m\u00fc\u015fteri memnuniyetine verdi\u011fimiz \u00f6nemle birlikte uzun y\u0131llara dayanan geni\u015f bir m\u00fc\u015fteri portf\u00f6y\u00fcne sahibiz. Bu stat\u00fcye sahip olabilmek i\u00e7in d\u00fcr\u00fcstl\u00fck, samimiyet, disiplin, i\u015f ahlak\u0131 gibi de\u011ferleri \u00f6n planda tutuyoruz.<\/p>\n","protected":false},"author":1,"featured_media":0,"parent":81,"menu_order":2,"comment_status":"closed","ping_status":"open","template":"","meta":{"footnotes":""},"class_list":["post-477","page","type-page","status-publish","hentry"],"_links":{"self":[{"href":"https:\/\/www.armonymobilya.com\/index.php?rest_route=\/wp\/v2\/pages\/477"}],"collection":[{"href":"https:\/\/www.armonymobilya.com\/index.php?rest_route=\/wp\/v2\/pages"}],"about":[{"href":"https:\/\/www.armonymobilya.com\/index.php?rest_route=\/wp\/v2\/types\/page"}],"author":[{"embeddable":true,"href":"https:\/\/www.armonymobilya.com\/index.php?rest_route=\/wp\/v2\/users\/1"}],"replies":[{"embeddable":true,"href":"https:\/\/www.armonymobilya.com\/index.php?rest_route=%2Fwp%2Fv2%2Fcomments&post=477"}],"version-history":[{"count":1,"href":"https:\/\/www.armonymobilya.com\/index.php?rest_route=\/wp\/v2\/pages\/477\/revisions"}],"predecessor-version":[{"id":478,"href":"https:\/\/www.armonymobilya.com\/index.php?rest_route=\/wp\/v2\/pages\/477\/revisions\/478"}],"up":[{"embeddable":true,"href":"https:\/\/www.armonymobilya.com\/index.php?rest_route=\/wp\/v2\/pages\/81"}],"wp:attachment":[{"href":"https:\/\/www.armonymobilya.com\/index.php?rest_route=%2Fwp%2Fv2%2Fmedia&parent=477"}],"curies":[{"name":"wp","href":"https:\/\/api.w.org\/{rel}","templated":true}]}}