{"id":460,"date":"2015-03-19T08:18:07","date_gmt":"2015-03-19T08:18:07","guid":{"rendered":"http:\/\/www.armonymobilya.com\/?page_id=460"},"modified":"2015-03-19T09:32:17","modified_gmt":"2015-03-19T09:32:17","slug":"profil","status":"publish","type":"page","link":"https:\/\/www.armonymobilya.com\/?page_id=460","title":{"rendered":"Profil"},"content":{"rendered":"<p>&nbsp;<\/p>\n<p><em>Armony Mobilya 1996 y\u0131l\u0131nda \u0130T\u00dc End\u00fcstri M\u00fchendis\u0130 Kaz\u0131m Duman taraf\u0131ndan kurulmu\u015ftur. Kuruldu\u011fu y\u0131ldan bu yana size daha iyi hizmet verebilmek i\u00e7in ev mobilyas\u0131ndan ofise, mutfaktan banyoya, kap\u0131dan hareketli sistemlere kadar bir\u00e7ok alanda kendini geli\u015ftirip bug\u00fcnk\u00fc kalitesini elde etmi\u015ftir.<\/em><\/p>\n<p><em>2000 m2 alanda kurulan imalat\u0131m\u0131zda kaliteli mobilya \u00fcretimi i\u00e7in gerekli olan geli\u015fmi\u015f teknolojili makine park\u0131, cilahane, demirhane gibi donan\u0131mlara sahip bir firma olarak size en k\u0131sa s\u00fcrede en do\u011fru \u00fcr\u00fcnleri sunuyoruz.<\/em><\/p>\n<p>&nbsp;<\/p>\n","protected":false},"excerpt":{"rendered":"<p>&nbsp; Armony Mobilya 1996 y\u0131l\u0131nda \u0130T\u00dc End\u00fcstri M\u00fchendis\u0130 Kaz\u0131m Duman taraf\u0131ndan kurulmu\u015ftur. Kuruldu\u011fu y\u0131ldan bu yana size daha iyi hizmet verebilmek i\u00e7in ev mobilyas\u0131ndan ofise, mutfaktan banyoya, kap\u0131dan hareketli sistemlere kadar bir\u00e7ok alanda kendini geli\u015ftirip bug\u00fcnk\u00fc kalitesini elde etmi\u015ftir. 2000 m2 alanda kurulan imalat\u0131m\u0131zda kaliteli mobilya \u00fcretimi i\u00e7in gerekli olan geli\u015fmi\u015f teknolojili makine park\u0131, cilahane,<br \/>\n\t<a href=\"https:\/\/www.armonymobilya.com\/?page_id=460\" class=\"go_more\"><span><i><\/i>read more<\/span><\/a><\/p>\n","protected":false},"author":1,"featured_media":0,"parent":0,"menu_order":2,"comment_status":"closed","ping_status":"closed","template":"","meta":{"footnotes":""},"class_list":["post-460","page","type-page","status-publish","hentry"],"_links":{"self":[{"href":"https:\/\/www.armonymobilya.com\/index.php?rest_route=\/wp\/v2\/pages\/460"}],"collection":[{"href":"https:\/\/www.armonymobilya.com\/index.php?rest_route=\/wp\/v2\/pages"}],"about":[{"href":"https:\/\/www.armonymobilya.com\/index.php?rest_route=\/wp\/v2\/types\/page"}],"author":[{"embeddable":true,"href":"https:\/\/www.armonymobilya.com\/index.php?rest_route=\/wp\/v2\/users\/1"}],"replies":[{"embeddable":true,"href":"https:\/\/www.armonymobilya.com\/index.php?rest_route=%2Fwp%2Fv2%2Fcomments&post=460"}],"version-history":[{"count":3,"href":"https:\/\/www.armonymobilya.com\/index.php?rest_route=\/wp\/v2\/pages\/460\/revisions"}],"predecessor-version":[{"id":485,"href":"https:\/\/www.armonymobilya.com\/index.php?rest_route=\/wp\/v2\/pages\/460\/revisions\/485"}],"wp:attachment":[{"href":"https:\/\/www.armonymobilya.com\/index.php?rest_route=%2Fwp%2Fv2%2Fmedia&parent=460"}],"curies":[{"name":"wp","href":"https:\/\/api.w.org\/{rel}","templated":true}]}}